{"id":4565,"date":"2021-02-22T12:22:16","date_gmt":"2021-02-22T11:22:16","guid":{"rendered":"https:\/\/www.trommelbau.ch\/imprint\/"},"modified":"2023-06-21T10:28:59","modified_gmt":"2023-06-21T08:28:59","slug":"imprint","status":"publish","type":"page","link":"https:\/\/www.trommelbau.ch\/en\/imprint\/","title":{"rendered":"Imprint"},"content":{"rendered":"\n\t<div id=\"gap-1400233307\" class=\"gap-element clearfix\" style=\"display:block; height:auto;\">\n\t\t\n<style>\n#gap-1400233307 {\n  padding-top: 65px;\n}\n<\/style>\n\t<\/div>\n\t\n\n\n\t<section class=\"section\" id=\"section_595078457\">\n\t\t<div class=\"section-bg fill\" >\n\t\t\t\t\t\t\t\t\t\n\t\t\t\n\n\t\t<\/div>\n\n\t\t\n\n\t\t<div class=\"section-content relative\">\n\t\t\t\n\n<div class=\"row align-center\"  id=\"row-674177651\">\n\n\n\t<div id=\"col-1830006198\" class=\"col medium-9 small-12 large-9\"  >\n\t\t\t\t<div class=\"col-inner\"  >\n\t\t\t\n\t\t\t\n\n<div class=\"row align-center\"  id=\"row-258928138\">\n\n\n\t<div id=\"col-603965151\" class=\"col medium-11 small-10 large-11\"  >\n\t\t\t\t<div class=\"col-inner\"  >\n\t\t\t\n\t\t\t\n\n<div class=\"container section-title-container\" ><h1 class=\"section-title section-title-normal\"><b aria-hidden=\"true\"><\/b><span class=\"section-title-main\" >Imprint<\/span><b aria-hidden=\"true\"><\/b><\/h1><\/div>\n\n\n\t\t<div class=\"icon-box featured-box icon-box-left text-left\"  >\n\t\t\t\t\t<div class=\"icon-box-img has-icon-bg\" style=\"width: 38px\">\n\t\t\t\t<div class=\"icon\">\n\t\t\t\t\t<div class=\"icon-inner\" style=\"border-width:1px;color:rgb(160, 160, 160);\">\n\t\t\t\t\t\t<?xml version=\"1.0\" standalone=\"no\"?>\n<!DOCTYPE svg PUBLIC \"-\/\/W3C\/\/DTD SVG 20010904\/\/EN\"\n \"http:\/\/www.w3.org\/TR\/2001\/REC-SVG-20010904\/DTD\/svg10.dtd\">\n<svg version=\"1.0\" xmlns=\"http:\/\/www.w3.org\/2000\/svg\"\n width=\"150.000000pt\" height=\"150.000000pt\" viewBox=\"0 0 150.000000 150.000000\"\n preserveAspectRatio=\"xMidYMid meet\">\n\n<g transform=\"translate(0.000000,150.000000) scale(0.100000,-0.100000)\"\nfill=\"#000000\" stroke=\"none\">\n<path d=\"M448 1263 l-3 -158 -25 -3 c-20 -2 -34 -20 -73 -93 l-48 -89 -74 0\n-75 0 0 -380 c0 -373 0 -380 -20 -380 -18 0 -20 -7 -20 -80 0 -73 2 -80 19\n-80 15 0 33 23 67 86 l47 86 71 -6 c39 -3 74 -5 78 -6 4 0 -9 -34 -28 -76 -19\n-41 -34 -77 -34 -80 0 -2 34 -4 75 -4 l74 0 50 93 51 92 0 368 0 367 -55 0\nc-30 0 -55 2 -55 5 0 3 19 43 42 90 l42 85 83 0 83 0 -43 -86 c-29 -61 -38\n-88 -29 -91 9 -4 12 -88 12 -379 l0 -374 25 0 25 0 0 375 0 375 38 0 c37 0 38\n1 85 90 l48 90 85 0 84 0 -45 -83 c-25 -46 -45 -87 -45 -90 0 -4 23 -7 50 -7\nl50 0 0 -375 0 -375 -40 -80 c-22 -44 -40 -82 -40 -85 0 -3 23 -5 50 -5 l50 0\n0 40 c0 45 1 45 105 54 88 7 198 65 247 131 63 83 83 193 54 305 -34 131 -108\n204 -256 251 -54 17 -54 17 -25 24 83 21 160 88 198 174 29 66 29 179 -1 246\n-43 94 -129 160 -240 184 -33 7 -177 11 -382 11 l-329 0 -3 -157z m-8 -723 c0\n-247 -4 -380 -10 -380 -6 0 -10 133 -10 380 0 247 4 380 10 380 6 0 10 -133\n10 -380z\"\/>\n<path d=\"M112 1013 c2 -47 8 -88 13 -90 6 -1 32 38 58 87 l48 90 -61 0 -61 0\n3 -87z\"\/>\n<path d=\"M822 543 l-2 -383 -44 0 -44 0 -41 -76 c-23 -41 -41 -77 -41 -80 0\n-2 35 -4 78 -4 l77 0 43 80 43 80 -30 0 -31 0 -3 383 -2 382 -3 -382z\"\/>\n<\/g>\n<\/svg>\n\t\t\t\t\t<\/div>\n\t\t\t\t<\/div>\n\t\t\t<\/div>\n\t\t\t\t<div class=\"icon-box-text last-reset\">\n\t\t\t\t\t\t\t\t\t\n\n<p>B\u00fcchler Trommelbau GmbH <br>Allschwilerstrasse 34 <br>4055Basel&nbsp;<br>T +41 61 271 79 19<br><a href=\"mailto:peter.muster@musterfirma.com\">info@trommelbau.ch<\/a>&nbsp;<br>UID CHE-108.694.754<\/p>\n\t<div id=\"gap-1570193268\" class=\"gap-element clearfix\" style=\"display:block; height:auto;\">\n\t\t\n<style>\n#gap-1570193268 {\n  padding-top: 22px;\n}\n<\/style>\n\t<\/div>\n\t\n\n\n\t\t<\/div>\n\t<\/div>\n\t\n\t\n\t<div id=\"gap-1512984071\" class=\"gap-element clearfix\" style=\"display:block; height:auto;\">\n\t\t\n<style>\n#gap-1512984071 {\n  padding-top: 30px;\n}\n<\/style>\n\t<\/div>\n\t\n\n\n\t\t<div class=\"icon-box featured-box icon-box-left text-left\"  >\n\t\t\t\t\t<div class=\"icon-box-img has-icon-bg\" style=\"width: 38px\">\n\t\t\t\t<div class=\"icon\">\n\t\t\t\t\t<div class=\"icon-inner\" style=\"border-width:1px;color:rgb(160, 160, 160);\">\n\t\t\t\t\t\t<?xml version=\"1.0\" standalone=\"no\"?>\n<!DOCTYPE svg PUBLIC \"-\/\/W3C\/\/DTD SVG 20010904\/\/EN\"\n \"http:\/\/www.w3.org\/TR\/2001\/REC-SVG-20010904\/DTD\/svg10.dtd\">\n<svg version=\"1.0\" xmlns=\"http:\/\/www.w3.org\/2000\/svg\"\n width=\"520.000000pt\" height=\"520.000000pt\" viewBox=\"0 0 520.000000 520.000000\"\n preserveAspectRatio=\"xMidYMid meet\">\n\n<g transform=\"translate(0.000000,520.000000) scale(0.100000,-0.100000)\"\nfill=\"#000000\" stroke=\"none\">\n<path d=\"M2355 5189 c-463 -44 -914 -220 -1300 -508 -129 -96 -400 -367 -496\n-496 -274 -367 -436 -764 -501 -1230 -17 -119 -16 -513 1 -635 64 -466 240\n-889 519 -1250 91 -117 296 -326 417 -423 367 -296 798 -480 1290 -549 117\n-16 502 -16 625 0 479 64 931 255 1295 549 178 144 380 362 504 543 387 567\n531 1249 406 1926 -114 615 -469 1186 -975 1568 -507 383 -1152 565 -1785 505z\nm446 -500 c482 -49 915 -254 1254 -594 564 -565 751 -1394 485 -2149 -192\n-543 -641 -1009 -1175 -1219 -771 -304 -1638 -125 -2220 458 -554 554 -746\n1364 -498 2105 304 912 1204 1497 2154 1399z\"\/>\n<path d=\"M2445 4443 c-292 -34 -504 -99 -720 -220 -282 -157 -538 -409 -696\n-684 -453 -793 -242 -1805 491 -2350 645 -480 1528 -477 2169 6 117 89 295\n270 378 385 166 232 278 506 325 795 19 119 16 438 -5 555 -72 392 -225 694\n-492 969 -301 310 -682 496 -1107 541 -88 9 -278 11 -343 3z m493 -722 c161\n-40 318 -132 420 -247 55 -61 118 -176 156 -281 l25 -73 -22 -5 c-171 -43\n-403 -92 -408 -87 -4 4 -14 29 -23 56 -85 257 -399 372 -663 241 -138 -68\n-221 -179 -270 -362 -25 -92 -27 -112 -27 -318 0 -254 16 -350 80 -483 140\n-291 531 -364 754 -142 60 60 106 143 141 258 13 40 28 71 34 69 5 -3 96 -30\n200 -62 105 -32 194 -61 199 -65 20 -18 -71 -237 -143 -343 -59 -88 -165 -189\n-252 -240 -229 -134 -591 -154 -867 -47 -211 81 -412 281 -503 498 -130 312\n-128 776 4 1088 130 308 393 510 735 564 94 15 335 4 430 -19z\"\/>\n<\/g>\n<\/svg>\n\t\t\t\t\t<\/div>\n\t\t\t\t<\/div>\n\t\t\t<\/div>\n\t\t\t\t<div class=\"icon-box-text last-reset\">\n\t\t\t\t\t\t\t\t\t\n\n<h3><span style=\"font-size: 115%;\">Copyright \/&nbsp;<\/span><span style=\"font-size: 115%;\">Copyrights and ancillary copyrights&nbsp;<\/span><\/h3>\n<p>The copyright for all contents of this website is owned by B\u00fcchler Trommelbau GmbH. The publication of the contents or texts of this website is prohibited without the express permission of the authors. <\/p>\n<p>Alle auf dieser Website ver\u00f6ffentlichten Inhalte unterliegen dem Urheber- und Leistungsschutzrecht. Inhalte dieser Website d\u00fcrfen nur mit vorg\u00e4ngiger, schriftlicher Zustimmung und unter Angabe des Copyrights verwendet werden. Dies gilt insbesondere f\u00fcr Vervielf\u00e4ltigung, Bearbeitung, \u00dcbersetzung, Einspeicherung, Verarbeitung bzw. Wiedergabe von Inhalten in Datenbanken oder anderen elektronischen Medien und Systemen. Inhalte und Rechte Dritter sind dabei als solche gekennzeichnet.<\/p>\n<div>&nbsp;<\/div>\n\n\t\t<\/div>\n\t<\/div>\n\t\n\t\n\n\t\t<div class=\"icon-box featured-box icon-box-left text-left\"  >\n\t\t\t\t\t<div class=\"icon-box-img has-icon-bg\" style=\"width: 38px\">\n\t\t\t\t<div class=\"icon\">\n\t\t\t\t\t<div class=\"icon-inner\" style=\"border-width:1px;color:rgb(160, 160, 160);\">\n\t\t\t\t\t\t<?xml version=\"1.0\" standalone=\"no\"?>\n<!DOCTYPE svg PUBLIC \"-\/\/W3C\/\/DTD SVG 20010904\/\/EN\"\n \"http:\/\/www.w3.org\/TR\/2001\/REC-SVG-20010904\/DTD\/svg10.dtd\">\n<svg version=\"1.0\" xmlns=\"http:\/\/www.w3.org\/2000\/svg\"\n width=\"512.000000pt\" height=\"512.000000pt\" viewBox=\"0 0 512.000000 512.000000\"\n preserveAspectRatio=\"xMidYMid meet\">\n\n<g transform=\"translate(0.000000,512.000000) scale(0.100000,-0.100000)\"\nfill=\"#000000\" stroke=\"none\">\n<path d=\"M2441 4784 c-133 -36 -244 -130 -307 -260 l-40 -81 -39 14 c-59 21\n-162 27 -228 13 -135 -28 -271 -130 -331 -248 -57 -112 -56 -96 -56 -975 l0\n-809 -92 88 c-109 103 -161 138 -247 164 -249 77 -515 -62 -591 -309 -40 -127\n-19 -284 51 -396 29 -48 1301 -1319 1404 -1404 113 -93 332 -193 510 -231 142\n-31 567 -40 735 -15 292 42 525 160 736 369 161 161 250 302 319 509 71 211\n68 165 71 1347 2 608 -1 1106 -6 1160 -7 77 -16 108 -46 168 -100 204 -327\n312 -537 257 -32 -8 -60 -15 -62 -15 -3 0 -5 19 -5 43 0 153 -109 331 -249\n406 -139 74 -278 80 -424 18 l-38 -16 -67 68 c-37 38 -91 80 -119 95 -109 55\n-233 69 -342 40z m207 -331 c14 -10 35 -32 46 -47 21 -27 21 -39 24 -697 l2\n-669 160 0 160 0 2 589 c3 578 3 590 24 617 39 53 71 69 134 69 63 0 95 -16\n134 -69 20 -26 21 -43 24 -297 2 -148 6 -269 10 -269 4 0 7 -180 7 -400 l0\n-400 162 0 161 0 0 424 c0 418 0 425 21 460 24 39 91 76 137 76 49 -1 109 -34\n135 -76 l24 -39 1 -1010 c1 -1088 -3 -1226 -36 -1350 -74 -278 -266 -505 -531\n-629 -163 -76 -227 -88 -507 -93 -160 -4 -272 -1 -325 7 -146 21 -289 77 -417\n162 -30 21 -356 336 -725 701 l-670 664 0 61 c0 56 3 64 35 97 62 64 121 81\n178 51 15 -8 187 -175 382 -370 l355 -356 5 1199 c5 1192 5 1200 26 1227 39\n53 71 69 134 69 63 0 95 -16 134 -69 21 -27 21 -39 24 -617 l2 -589 160 0 160\n0 0 734 c0 496 3 744 11 763 14 37 47 72 84 89 40 19 119 12 153 -13z\"\/>\n<path d=\"M2397 2402 c-59 -59 -107 -112 -107 -117 0 -6 79 -89 175 -185 96\n-96 175 -178 175 -181 0 -4 -62 -70 -137 -147 -76 -77 -155 -158 -175 -179\nl-37 -38 109 -113 c60 -61 113 -112 117 -112 5 0 88 81 186 181 l177 180 178\n-180 c97 -100 180 -181 184 -181 10 0 228 218 228 228 0 5 -81 88 -180 185\nl-181 178 181 177 c99 98 180 181 180 186 0 12 -212 226 -224 226 -5 0 -90\n-82 -188 -181 l-178 -181 -177 181 c-97 99 -181 181 -187 181 -6 0 -60 -48\n-119 -108z\"\/>\n<\/g>\n<\/svg>\n\t\t\t\t\t<\/div>\n\t\t\t\t<\/div>\n\t\t\t<\/div>\n\t\t\t\t<div class=\"icon-box-text last-reset\">\n\t\t\t\t\t\t\t\t\t\n\n<h3><span style=\"font-size: 115%;\">Limitation of liability<\/span><\/h3>\n<p>All texts and links have been carefully checked and are constantly updated. We strive to provide accurate and complete information on this website, but do not assume any responsibility, guarantees or liability that the informationwpml_nbsupplied by this website is correct, complete or current. We reserve the right to change the information on this website at any time without notice, and we make no commitment to update the information contained herein. All links to external providers were checked for accuracy at the time of their inclusion, but we are not liable for the content and availability of websites that can be reached via hyperlinks. For illegal, incorrect or incomplete content and in particular for damages caused by the content of linked pages, the provider of the linked page is solely liable.&nbsp;    &nbsp;<\/p>\n\n\t\t<\/div>\n\t<\/div>\n\t\n\t\n\t<div id=\"gap-591031880\" class=\"gap-element clearfix\" style=\"display:block; height:auto;\">\n\t\t\n<style>\n#gap-591031880 {\n  padding-top: 35px;\n}\n<\/style>\n\t<\/div>\n\t\n\n\n\t\t<div class=\"icon-box featured-box icon-box-left text-left\"  >\n\t\t\t\t\t<div class=\"icon-box-img has-icon-bg\" style=\"width: 38px\">\n\t\t\t\t<div class=\"icon\">\n\t\t\t\t\t<div class=\"icon-inner\" style=\"border-width:1px;color:rgb(160, 160, 160);\">\n\t\t\t\t\t\t\t\t\t\t\t<\/div>\n\t\t\t\t<\/div>\n\t\t\t<\/div>\n\t\t\t\t<div class=\"icon-box-text last-reset\">\n\t\t\t\t\t\t\t\t\t\n\n<h3><span style=\"font-size: 115%;\">external Links<\/span><\/h3>\n<p>This website contains links to third-party websites. These websites are subject to the liability of the respective operators. We have no influence on the current and future design and content of the linked sites. If we become aware of any legal violations, the corresponding external links will be deleted.   <br>The operators of linked websites may collect personal data and may collect information generated through the use of cookies when their websites are visited.<br>We assume no responsibility for such collected data, its use or disclosure.<\/p>\n\n\t\t<\/div>\n\t<\/div>\n\t\n\t\n\n\t\t<\/div>\n\t\t\t\t\n<style>\n#col-603965151 > .col-inner {\n  margin: 0px 0px 0px -10px;\n}\n<\/style>\n\t<\/div>\n\n\t\n\n<\/div>\n\n\t\t<\/div>\n\t\t\t\t\t<\/div>\n\n\t\n\n<\/div>\n\n\t\t<\/div>\n\n\t\t\n<style>\n#section_595078457 {\n  padding-top: 30px;\n  padding-bottom: 30px;\n}\n<\/style>\n\t<\/section>\n\t\n\n","protected":false},"excerpt":{"rendered":"","protected":false},"author":1,"featured_media":0,"parent":0,"menu_order":150,"comment_status":"closed","ping_status":"closed","template":"page-blank.php","meta":{"footnotes":""},"class_list":["post-4565","page","type-page","status-publish","hentry"],"_links":{"self":[{"href":"https:\/\/www.trommelbau.ch\/en\/wp-json\/wp\/v2\/pages\/4565","targetHints":{"allow":["GET"]}}],"collection":[{"href":"https:\/\/www.trommelbau.ch\/en\/wp-json\/wp\/v2\/pages"}],"about":[{"href":"https:\/\/www.trommelbau.ch\/en\/wp-json\/wp\/v2\/types\/page"}],"author":[{"embeddable":true,"href":"https:\/\/www.trommelbau.ch\/en\/wp-json\/wp\/v2\/users\/1"}],"replies":[{"embeddable":true,"href":"https:\/\/www.trommelbau.ch\/en\/wp-json\/wp\/v2\/comments?post=4565"}],"version-history":[{"count":1,"href":"https:\/\/www.trommelbau.ch\/en\/wp-json\/wp\/v2\/pages\/4565\/revisions"}],"predecessor-version":[{"id":4566,"href":"https:\/\/www.trommelbau.ch\/en\/wp-json\/wp\/v2\/pages\/4565\/revisions\/4566"}],"wp:attachment":[{"href":"https:\/\/www.trommelbau.ch\/en\/wp-json\/wp\/v2\/media?parent=4565"}],"curies":[{"name":"wp","href":"https:\/\/api.w.org\/{rel}","templated":true}]}}