{"id":5650,"date":"2024-06-14T11:23:24","date_gmt":"2024-06-14T09:23:24","guid":{"rendered":"https:\/\/www.trommelbau.ch\/?post_type=product&#038;p=5650"},"modified":"2025-12-04T13:46:50","modified_gmt":"2025-12-04T12:46:50","slug":"holztrommel-historisch","status":"publish","type":"product","link":"https:\/\/www.trommelbau.ch\/en\/produkt\/holztrommel-historisch\/","title":{"rendered":"Holztrommel historisch"},"content":{"rendered":"","protected":false},"excerpt":{"rendered":"<p>Ein sch\u00f6nes Sammlerst\u00fcck welches sich als Dekorationsobjekt in jeder Wohnung gut macht. Das Baujahr des Instruments wird auf ca. 1920 gesch\u00e4tzt.<\/p>\n","protected":false},"featured_media":5651,"template":"","meta":[],"product_brand":[],"product_cat":[192],"product_tag":[],"class_list":{"0":"post-5650","1":"product","2":"type-product","3":"status-publish","4":"has-post-thumbnail","6":"product_cat-occasionen","8":"first","9":"instock","10":"sold-individually","11":"taxable","12":"shipping-taxable","13":"purchasable","14":"product-type-simple"},"_links":{"self":[{"href":"https:\/\/www.trommelbau.ch\/en\/wp-json\/wp\/v2\/product\/5650","targetHints":{"allow":["GET"]}}],"collection":[{"href":"https:\/\/www.trommelbau.ch\/en\/wp-json\/wp\/v2\/product"}],"about":[{"href":"https:\/\/www.trommelbau.ch\/en\/wp-json\/wp\/v2\/types\/product"}],"wp:featuredmedia":[{"embeddable":true,"href":"https:\/\/www.trommelbau.ch\/en\/wp-json\/wp\/v2\/media\/5651"}],"wp:attachment":[{"href":"https:\/\/www.trommelbau.ch\/en\/wp-json\/wp\/v2\/media?parent=5650"}],"wp:term":[{"taxonomy":"product_brand","embeddable":true,"href":"https:\/\/www.trommelbau.ch\/en\/wp-json\/wp\/v2\/product_brand?post=5650"},{"taxonomy":"product_cat","embeddable":true,"href":"https:\/\/www.trommelbau.ch\/en\/wp-json\/wp\/v2\/product_cat?post=5650"},{"taxonomy":"product_tag","embeddable":true,"href":"https:\/\/www.trommelbau.ch\/en\/wp-json\/wp\/v2\/product_tag?post=5650"}],"curies":[{"name":"wp","href":"https:\/\/api.w.org\/{rel}","templated":true}]}}